{"id":148,"date":"2023-10-27T12:32:45","date_gmt":"2023-10-27T15:32:45","guid":{"rendered":"https:\/\/holosbrasilcompositos.com\/?page_id=148"},"modified":"2024-08-15T15:26:42","modified_gmt":"2024-08-15T18:26:42","slug":"projetos-executados-por-profissionais-experientes","status":"publish","type":"page","link":"https:\/\/holosbrasilcompositos.com\/index.php\/projetos-executados-por-profissionais-experientes\/","title":{"rendered":"Fabrica\u00e7\u00e3o"},"content":{"rendered":"\t\t<div data-elementor-type=\"wp-page\" data-elementor-id=\"148\" class=\"elementor elementor-148\" data-elementor-post-type=\"page\">\n\t\t\t\t<div class=\"elementor-element elementor-element-0a33d8d e-flex e-con-boxed e-con e-parent\" data-id=\"0a33d8d\" data-element_type=\"container\" data-e-type=\"container\">\n\t\t\t\t\t<div class=\"e-con-inner\">\n\t\t\t\t<div class=\"elementor-element elementor-element-515ba79 elementor-widget elementor-widget-heading\" data-id=\"515ba79\" data-element_type=\"widget\" data-e-type=\"widget\" data-widget_type=\"heading.default\">\n\t\t\t\t<div class=\"elementor-widget-container\">\n\t\t\t\t\t<h2 class=\"elementor-heading-title elementor-size-default\">MATERIAIS E T\u00c9CNICAS DE ULTIMA GERA\u00c7\u00c3O<\/h2>\t\t\t\t<\/div>\n\t\t\t\t<\/div>\n\t\t\t\t<div class=\"elementor-element elementor-element-8559bfb elementor-widget elementor-widget-text-editor\" data-id=\"8559bfb\" data-element_type=\"widget\" data-e-type=\"widget\" data-widget_type=\"text-editor.default\">\n\t\t\t\t<div class=\"elementor-widget-container\">\n\t\t\t\t\t\t\t\t\t<p>O conhecimento adquirido na fabrica\u00e7\u00e3o de barcos a vela abriu caminho para que a empresa conquistasse um lugar de destaque na confec\u00e7\u00e3o de novos produtos em comp\u00f3sitos para atender a outros setores da ind\u00fastria. Novas combina\u00e7\u00f5es de materiais foram testadas com sucesso, algumas delas aparentemente incompat\u00edveis, como a fibra de carbono e o a\u00e7o inoxid\u00e1vel.&nbsp;<\/p><p>A aplica\u00e7\u00e3o de m\u00e9todos de lamina\u00e7\u00e3o adequados a cada projeto, o compromisso com os padr\u00f5es normativos e dimensionais dos produtos em s\u00e9rie, a inventividade no design e na cria\u00e7\u00e3o de pe\u00e7as exclusivas e diferenciadas, o uso de materiais de \u00faltima gera\u00e7\u00e3o para obter mais leveza, for\u00e7a e resist\u00eancia s\u00e3o a marca registrada da empresa, que investe permanentemente em pesquisa e na experimenta\u00e7\u00e3o de novas possibilidades.&nbsp;<\/p><p>O resultado s\u00e3o produtos, estruturas, pe\u00e7as, acess\u00f3rios e componentes de alt\u00edssima de qualidade \u2014&nbsp;<strong>projetados e confeccionados por profissionais experientes<\/strong>&nbsp;\u2014 que superam&nbsp; as expectativas de clientes e consumidores em termos de efici\u00eancia, durabilidade, conforto e seguran\u00e7a.<\/p>\t\t\t\t\t\t\t\t<\/div>\n\t\t\t\t<\/div>\n\t\t\t\t\t<\/div>\n\t\t\t\t<\/div>\n\t\t<div class=\"elementor-element elementor-element-b43e8d1 e-flex e-con-boxed e-con e-parent\" data-id=\"b43e8d1\" data-element_type=\"container\" data-e-type=\"container\">\n\t\t\t\t\t<div class=\"e-con-inner\">\n\t\t<div class=\"elementor-element elementor-element-98e365b e-con-full e-flex e-con e-child\" data-id=\"98e365b\" data-element_type=\"container\" data-e-type=\"container\">\n\t\t\t\t<div class=\"elementor-element elementor-element-61af560 elementor-widget elementor-widget-text-editor\" data-id=\"61af560\" data-element_type=\"widget\" data-e-type=\"widget\" data-widget_type=\"text-editor.default\">\n\t\t\t\t<div class=\"elementor-widget-container\">\n\t\t\t\t\t\t\t\t\t<ul><li>Instala\u00e7\u00f5es amplas e equipamentos de ponta<\/li><li>Perfei\u00e7\u00e3o no acabamento e na pintura<\/li><li>Profissionais capacitados\u00a0<\/li><li>Investimento permanente em novas tecnologias<\/li><li>Produtos dur\u00e1veis e resistentes<\/li><li>Qualidade e efici\u00eancia como metas<\/li><li>Respeito ao cliente e ao consumidor<\/li><li>Mais seguran\u00e7a e bem-estar para toda a sociedade<\/li><\/ul>\t\t\t\t\t\t\t\t<\/div>\n\t\t\t\t<\/div>\n\t\t\t\t<\/div>\n\t\t<div class=\"elementor-element elementor-element-f66d362 e-con-full e-flex e-con e-child\" data-id=\"f66d362\" data-element_type=\"container\" data-e-type=\"container\">\n\t\t\t\t<div class=\"elementor-element elementor-element-9b06cf4 elementor--h-position-center elementor--v-position-middle elementor-widget elementor-widget-slides\" data-id=\"9b06cf4\" data-element_type=\"widget\" data-e-type=\"widget\" data-settings=\"{&quot;navigation&quot;:&quot;none&quot;,&quot;transition&quot;:&quot;fade&quot;,&quot;autoplay&quot;:&quot;yes&quot;,&quot;pause_on_hover&quot;:&quot;yes&quot;,&quot;pause_on_interaction&quot;:&quot;yes&quot;,&quot;autoplay_speed&quot;:5000,&quot;infinite&quot;:&quot;yes&quot;,&quot;transition_speed&quot;:500}\" data-widget_type=\"slides.default\">\n\t\t\t\t<div class=\"elementor-widget-container\">\n\t\t\t\t\t\t\t\t\t<div class=\"elementor-swiper\">\n\t\t\t\t\t<div class=\"elementor-slides-wrapper elementor-main-swiper swiper\" role=\"region\" aria-roledescription=\"carousel\" aria-label=\"Slides\" dir=\"ltr\" data-animation=\"fadeInUp\">\n\t\t\t\t<div class=\"swiper-wrapper elementor-slides\">\n\t\t\t\t\t\t\t\t\t\t<div class=\"elementor-repeater-item-b0fba3e swiper-slide\" role=\"group\" aria-roledescription=\"slide\"><div class=\"swiper-slide-bg\" role=\"img\" aria-label=\"16450015\"><\/div><div class=\"swiper-slide-inner\" ><div class=\"swiper-slide-contents\"><\/div><\/div><\/div><div class=\"elementor-repeater-item-d61ba6c swiper-slide\" role=\"group\" aria-roledescription=\"slide\"><div class=\"swiper-slide-bg\" role=\"img\" aria-label=\"4\"><\/div><div class=\"swiper-slide-inner\" ><div class=\"swiper-slide-contents\"><\/div><\/div><\/div><div class=\"elementor-repeater-item-c089858 swiper-slide\" role=\"group\" aria-roledescription=\"slide\"><div class=\"swiper-slide-bg\" role=\"img\" aria-label=\"2013-12-26-16.50.30\"><\/div><div class=\"swiper-slide-inner\" ><div class=\"swiper-slide-contents\"><\/div><\/div><\/div><div class=\"elementor-repeater-item-7c5b9bd swiper-slide\" role=\"group\" aria-roledescription=\"slide\"><div class=\"swiper-slide-bg\" role=\"img\" aria-label=\"230920111424-scaled\"><\/div><div class=\"swiper-slide-inner\" ><div class=\"swiper-slide-contents\"><\/div><\/div><\/div>\t\t\t\t<\/div>\n\t\t\t\t\t\t\t\t\t\t\t\t\t\t\t\t\t\t\t\t\t<\/div>\n\t\t\t\t<\/div>\n\t\t\t\t\t\t\t\t<\/div>\n\t\t\t\t<\/div>\n\t\t\t\t<\/div>\n\t\t\t\t\t<\/div>\n\t\t\t\t<\/div>\n\t\t\t\t<\/div>\n\t\t","protected":false},"excerpt":{"rendered":"<p>MATERIAIS E T\u00c9CNICAS DE ULTIMA GERA\u00c7\u00c3O O conhecimento adquirido na fabrica\u00e7\u00e3o de barcos a vela abriu caminho para que a empresa conquistasse um lugar de destaque na confec\u00e7\u00e3o de novos produtos em comp\u00f3sitos para atender a outros setores da ind\u00fastria. Novas combina\u00e7\u00f5es de materiais foram testadas com sucesso, algumas delas aparentemente incompat\u00edveis, como a fibra [&hellip;]<\/p>\n","protected":false},"author":1,"featured_media":388,"parent":0,"menu_order":0,"comment_status":"closed","ping_status":"closed","template":"","meta":{"jetpack_post_was_ever_published":false,"footnotes":""},"class_list":["post-148","page","type-page","status-publish","has-post-thumbnail","hentry"],"aioseo_notices":[],"jetpack-related-posts":[],"jetpack_sharing_enabled":true,"_links":{"self":[{"href":"https:\/\/holosbrasilcompositos.com\/index.php\/wp-json\/wp\/v2\/pages\/148","targetHints":{"allow":["GET"]}}],"collection":[{"href":"https:\/\/holosbrasilcompositos.com\/index.php\/wp-json\/wp\/v2\/pages"}],"about":[{"href":"https:\/\/holosbrasilcompositos.com\/index.php\/wp-json\/wp\/v2\/types\/page"}],"author":[{"embeddable":true,"href":"https:\/\/holosbrasilcompositos.com\/index.php\/wp-json\/wp\/v2\/users\/1"}],"replies":[{"embeddable":true,"href":"https:\/\/holosbrasilcompositos.com\/index.php\/wp-json\/wp\/v2\/comments?post=148"}],"version-history":[{"count":11,"href":"https:\/\/holosbrasilcompositos.com\/index.php\/wp-json\/wp\/v2\/pages\/148\/revisions"}],"predecessor-version":[{"id":510,"href":"https:\/\/holosbrasilcompositos.com\/index.php\/wp-json\/wp\/v2\/pages\/148\/revisions\/510"}],"wp:featuredmedia":[{"embeddable":true,"href":"https:\/\/holosbrasilcompositos.com\/index.php\/wp-json\/wp\/v2\/media\/388"}],"wp:attachment":[{"href":"https:\/\/holosbrasilcompositos.com\/index.php\/wp-json\/wp\/v2\/media?parent=148"}],"curies":[{"name":"wp","href":"https:\/\/api.w.org\/{rel}","templated":true}]}}