{"id":166,"date":"2023-10-27T14:13:31","date_gmt":"2023-10-27T17:13:31","guid":{"rendered":"https:\/\/holosbrasilcompositos.com\/?page_id=166"},"modified":"2024-08-15T15:33:18","modified_gmt":"2024-08-15T18:33:18","slug":"ferramentas-modernas-e-mao-de-obra-experiente","status":"publish","type":"page","link":"https:\/\/holosbrasilcompositos.com\/index.php\/ferramentas-modernas-e-mao-de-obra-experiente\/","title":{"rendered":"Servi\u00e7os"},"content":{"rendered":"\t\t<div data-elementor-type=\"wp-page\" data-elementor-id=\"166\" class=\"elementor elementor-166\" data-elementor-post-type=\"page\">\n\t\t\t\t<div class=\"elementor-element elementor-element-541d48f e-flex e-con-boxed e-con e-parent\" data-id=\"541d48f\" data-element_type=\"container\" data-e-type=\"container\">\n\t\t\t\t\t<div class=\"e-con-inner\">\n\t\t\t\t<div class=\"elementor-element elementor-element-8f1d566 elementor-widget elementor-widget-heading\" data-id=\"8f1d566\" data-element_type=\"widget\" data-e-type=\"widget\" data-widget_type=\"heading.default\">\n\t\t\t\t<div class=\"elementor-widget-container\">\n\t\t\t\t\t<h2 class=\"elementor-heading-title elementor-size-default\">PRESTA\u00c7\u00c3O DE SERVI\u00c7OS DE EXCEL\u00caNCIA<\/h2>\t\t\t\t<\/div>\n\t\t\t\t<\/div>\n\t\t\t\t<div class=\"elementor-element elementor-element-9ddac68 elementor-widget elementor-widget-text-editor\" data-id=\"9ddac68\" data-element_type=\"widget\" data-e-type=\"widget\" data-widget_type=\"text-editor.default\">\n\t\t\t\t<div class=\"elementor-widget-container\">\n\t\t\t\t\t\t\t\t\t<p>As ferramentas e equipamentos de \u00faltima gera\u00e7\u00e3o e a m\u00e3o de obra capacitada, quando somados \u00e0 experi\u00eancia no desenvolvimento de produtos, estruturas e pe\u00e7as em comp\u00f3sitos para os mais variados fins, conferem elevado grau de excel\u00eancia na presta\u00e7\u00e3o de servi\u00e7os.\u00a0<\/p><p>Usinagem, moldes, modelagem computacional e f\u00edsica, prototipagem CNC e reparos n\u00e1uticos s\u00e3o executados com rapidez e efici\u00eancia, seguindo padr\u00f5es de qualidade exigidos pelos clientes. Exatid\u00e3o e controle na modelagem, moldes bem dimensionados, cortes precisos, habilidade no conserto de avarias e perfei\u00e7\u00e3o no acabamento fazem a diferen\u00e7a.<\/p>\t\t\t\t\t\t\t\t<\/div>\n\t\t\t\t<\/div>\n\t\t\t\t\t<\/div>\n\t\t\t\t<\/div>\n\t\t<div class=\"elementor-element elementor-element-b44a674 e-flex e-con-boxed e-con e-parent\" data-id=\"b44a674\" data-element_type=\"container\" data-e-type=\"container\">\n\t\t\t\t\t<div class=\"e-con-inner\">\n\t\t<div class=\"elementor-element elementor-element-0bf172c e-con-full e-flex e-con e-child\" data-id=\"0bf172c\" data-element_type=\"container\" data-e-type=\"container\">\n\t\t\t\t<div class=\"elementor-element elementor-element-31b927b elementor-widget__width-initial elementor-widget elementor-widget-text-editor\" data-id=\"31b927b\" data-element_type=\"widget\" data-e-type=\"widget\" data-widget_type=\"text-editor.default\">\n\t\t\t\t<div class=\"elementor-widget-container\">\n\t\t\t\t\t\t\t\t\t<ul><li>Know-how adquirido em mais de duas d\u00e9cadas de atua\u00e7\u00e3o<\/li><li>Modelagem precisa e cortes exatos em pol\u00edmeros e outros materiais<\/li><li>Prototipagem CNC<\/li><li>Detalhamento de pe\u00e7as complexas<\/li><li>Seriedade, compromisso e pontualidade<\/li><li>Equipamentos de \u00faltima gera\u00e7\u00e3o<\/li><li>Reparos de estruturas e embarca\u00e7\u00f5es de fibra de vidro ou carbono<\/li><\/ul>\t\t\t\t\t\t\t\t<\/div>\n\t\t\t\t<\/div>\n\t\t\t\t<\/div>\n\t\t<div class=\"elementor-element elementor-element-da427be e-con-full e-flex e-con e-child\" data-id=\"da427be\" data-element_type=\"container\" data-e-type=\"container\">\n\t\t\t\t<div class=\"elementor-element elementor-element-765e61d elementor--h-position-center elementor--v-position-middle elementor-widget elementor-widget-slides\" data-id=\"765e61d\" data-element_type=\"widget\" data-e-type=\"widget\" data-settings=\"{&quot;navigation&quot;:&quot;none&quot;,&quot;transition&quot;:&quot;fade&quot;,&quot;autoplay&quot;:&quot;yes&quot;,&quot;pause_on_hover&quot;:&quot;yes&quot;,&quot;pause_on_interaction&quot;:&quot;yes&quot;,&quot;autoplay_speed&quot;:5000,&quot;infinite&quot;:&quot;yes&quot;,&quot;transition_speed&quot;:500}\" data-widget_type=\"slides.default\">\n\t\t\t\t<div class=\"elementor-widget-container\">\n\t\t\t\t\t\t\t\t\t<div class=\"elementor-swiper\">\n\t\t\t\t\t<div class=\"elementor-slides-wrapper elementor-main-swiper swiper\" role=\"region\" aria-roledescription=\"carousel\" aria-label=\"Slides\" dir=\"ltr\" data-animation=\"fadeInUp\">\n\t\t\t\t<div class=\"swiper-wrapper elementor-slides\">\n\t\t\t\t\t\t\t\t\t\t<div class=\"elementor-repeater-item-b0fba3e swiper-slide\" role=\"group\" aria-roledescription=\"slide\"><div class=\"swiper-slide-bg\" role=\"img\" aria-label=\"DSC06197-scaled-ojgvhkk9ja8ut4bsncqoqkclehzuvp87809pn9bt8c\"><\/div><div class=\"swiper-slide-inner\" ><div class=\"swiper-slide-contents\"><\/div><\/div><\/div><div class=\"elementor-repeater-item-d61ba6c swiper-slide\" role=\"group\" aria-roledescription=\"slide\"><div class=\"swiper-slide-bg\" role=\"img\" aria-label=\"IMG_0016-scaled-ojgvgjwk4quo8bt1lew8jblm8h0jji6o2ytrxgu7jo\"><\/div><div class=\"swiper-slide-inner\" ><div class=\"swiper-slide-contents\"><\/div><\/div><\/div><div class=\"elementor-repeater-item-c089858 swiper-slide\" role=\"group\" aria-roledescription=\"slide\"><div class=\"swiper-slide-bg\" role=\"img\" aria-label=\"1111-ojgvhp9ghgfaf64yvwrtl15wdfcoy6quwnj51n4u7e\"><\/div><div class=\"swiper-slide-inner\" ><div class=\"swiper-slide-contents\"><\/div><\/div><\/div>\t\t\t\t<\/div>\n\t\t\t\t\t\t\t\t\t\t\t\t\t\t\t\t\t\t\t\t\t<\/div>\n\t\t\t\t<\/div>\n\t\t\t\t\t\t\t\t<\/div>\n\t\t\t\t<\/div>\n\t\t\t\t<\/div>\n\t\t\t\t\t<\/div>\n\t\t\t\t<\/div>\n\t\t\t\t<\/div>\n\t\t","protected":false},"excerpt":{"rendered":"<p>PRESTA\u00c7\u00c3O DE SERVI\u00c7OS DE EXCEL\u00caNCIA As ferramentas e equipamentos de \u00faltima gera\u00e7\u00e3o e a m\u00e3o de obra capacitada, quando somados \u00e0 experi\u00eancia no desenvolvimento de produtos, estruturas e pe\u00e7as em comp\u00f3sitos para os mais variados fins, conferem elevado grau de excel\u00eancia na presta\u00e7\u00e3o de servi\u00e7os.\u00a0 Usinagem, moldes, modelagem computacional e f\u00edsica, prototipagem CNC e reparos [&hellip;]<\/p>\n","protected":false},"author":1,"featured_media":382,"parent":0,"menu_order":0,"comment_status":"closed","ping_status":"closed","template":"","meta":{"jetpack_post_was_ever_published":false,"footnotes":""},"class_list":["post-166","page","type-page","status-publish","has-post-thumbnail","hentry"],"aioseo_notices":[],"jetpack-related-posts":[],"jetpack_sharing_enabled":true,"_links":{"self":[{"href":"https:\/\/holosbrasilcompositos.com\/index.php\/wp-json\/wp\/v2\/pages\/166","targetHints":{"allow":["GET"]}}],"collection":[{"href":"https:\/\/holosbrasilcompositos.com\/index.php\/wp-json\/wp\/v2\/pages"}],"about":[{"href":"https:\/\/holosbrasilcompositos.com\/index.php\/wp-json\/wp\/v2\/types\/page"}],"author":[{"embeddable":true,"href":"https:\/\/holosbrasilcompositos.com\/index.php\/wp-json\/wp\/v2\/users\/1"}],"replies":[{"embeddable":true,"href":"https:\/\/holosbrasilcompositos.com\/index.php\/wp-json\/wp\/v2\/comments?post=166"}],"version-history":[{"count":14,"href":"https:\/\/holosbrasilcompositos.com\/index.php\/wp-json\/wp\/v2\/pages\/166\/revisions"}],"predecessor-version":[{"id":513,"href":"https:\/\/holosbrasilcompositos.com\/index.php\/wp-json\/wp\/v2\/pages\/166\/revisions\/513"}],"wp:featuredmedia":[{"embeddable":true,"href":"https:\/\/holosbrasilcompositos.com\/index.php\/wp-json\/wp\/v2\/media\/382"}],"wp:attachment":[{"href":"https:\/\/holosbrasilcompositos.com\/index.php\/wp-json\/wp\/v2\/media?parent=166"}],"curies":[{"name":"wp","href":"https:\/\/api.w.org\/{rel}","templated":true}]}}