{"id":28,"date":"2023-10-27T11:21:55","date_gmt":"2023-10-27T14:21:55","guid":{"rendered":"https:\/\/holosbrasilcompositos.com\/?page_id=28"},"modified":"2024-08-22T14:36:53","modified_gmt":"2024-08-22T17:36:53","slug":"home","status":"publish","type":"page","link":"https:\/\/holosbrasilcompositos.com\/","title":{"rendered":"Home"},"content":{"rendered":"\t\t<div data-elementor-type=\"wp-page\" data-elementor-id=\"28\" class=\"elementor elementor-28\" data-elementor-post-type=\"page\">\n\t\t\t\t<div class=\"elementor-element elementor-element-b2379a0 e-flex e-con-boxed e-con e-parent\" data-id=\"b2379a0\" data-element_type=\"container\" data-e-type=\"container\" data-settings=\"{&quot;background_background&quot;:&quot;classic&quot;}\">\n\t\t\t\t\t<div class=\"e-con-inner\">\n\t\t\t\t<div class=\"elementor-element elementor-element-cc21b7f elementor-widget elementor-widget-heading\" data-id=\"cc21b7f\" data-element_type=\"widget\" data-e-type=\"widget\" data-widget_type=\"heading.default\">\n\t\t\t\t<div class=\"elementor-widget-container\">\n\t\t\t\t\t<h2 class=\"elementor-heading-title elementor-size-default\">Sobre n\u00f3s<\/h2>\t\t\t\t<\/div>\n\t\t\t\t<\/div>\n\t\t\t\t<div class=\"elementor-element elementor-element-a627af3 elementor-headline--style-rotate elementor-widget elementor-widget-animated-headline\" data-id=\"a627af3\" data-element_type=\"widget\" data-e-type=\"widget\" data-settings=\"{&quot;headline_style&quot;:&quot;rotate&quot;,&quot;animation_type&quot;:&quot;slide-down&quot;,&quot;rotating_text&quot;:&quot;Tecnologia de qualidade\\nEngenharia especializada\\nServi\\u00e7os de primeira&quot;,&quot;rotate_iteration_delay&quot;:4000,&quot;loop&quot;:&quot;yes&quot;}\" data-widget_type=\"animated-headline.default\">\n\t\t\t\t<div class=\"elementor-widget-container\">\n\t\t\t\t\t\t\t<h3 class=\"elementor-headline elementor-headline-animation-type-slide-down\">\n\t\t\t\t\t<span class=\"elementor-headline-plain-text elementor-headline-text-wrapper\">Entregamos <\/span>\n\t\t\t\t<span class=\"elementor-headline-dynamic-wrapper elementor-headline-text-wrapper\">\n\t\t\t\t\t<span class=\"elementor-headline-dynamic-text elementor-headline-text-active\">\n\t\t\t\tTecnologia&nbsp;de&nbsp;qualidade\t\t\t<\/span>\n\t\t\t\t\t<span class=\"elementor-headline-dynamic-text\">\n\t\t\t\tEngenharia&nbsp;especializada\t\t\t<\/span>\n\t\t\t\t\t<span class=\"elementor-headline-dynamic-text\">\n\t\t\t\tServi\u00e7os&nbsp;de&nbsp;primeira\t\t\t<\/span>\n\t\t\t\t\t\t<\/span>\n\t\t\t\t<\/h3>\n\t\t\t\t\t\t<\/div>\n\t\t\t\t<\/div>\n\t\t\t\t<div class=\"elementor-element elementor-element-10f8ecb elementor-widget elementor-widget-text-editor\" data-id=\"10f8ecb\" data-element_type=\"widget\" data-e-type=\"widget\" data-widget_type=\"text-editor.default\">\n\t\t\t\t<div class=\"elementor-widget-container\">\n\t\t\t\t\t\t\t\t\t<p>A Holos Comp\u00f3sitos \u00e9 a vertente que atende ao desenvolvimento de projetos com materiais em comp\u00f3sitos. Nossos servi\u00e7os se baseiam na cria\u00e7\u00e3o de projetos personalizados de acordo com a demanda de cada cliente, visando os princ\u00edpios da qualidade dos materiais, efici\u00eancia e seguran\u00e7a.<\/p><p>Conhe\u00e7a nosso portf\u00f3lio para saber mais sobre nossos projetos.<\/p>\t\t\t\t\t\t\t\t<\/div>\n\t\t\t\t<\/div>\n\t\t\t\t<div class=\"elementor-element elementor-element-013cd92 elementor-align-center elementor-widget elementor-widget-button\" data-id=\"013cd92\" data-element_type=\"widget\" data-e-type=\"widget\" data-widget_type=\"button.default\">\n\t\t\t\t<div class=\"elementor-widget-container\">\n\t\t\t\t\t\t\t\t\t<div class=\"elementor-button-wrapper\">\n\t\t\t\t\t<a class=\"elementor-button elementor-button-link elementor-size-sm\" href=\"#\">\n\t\t\t\t\t\t<span class=\"elementor-button-content-wrapper\">\n\t\t\t\t\t\t\t\t\t<span class=\"elementor-button-text\">Acessar Portf\u00f3lio<\/span>\n\t\t\t\t\t<\/span>\n\t\t\t\t\t<\/a>\n\t\t\t\t<\/div>\n\t\t\t\t\t\t\t\t<\/div>\n\t\t\t\t<\/div>\n\t\t\t\t\t<\/div>\n\t\t\t\t<\/div>\n\t\t<div class=\"elementor-element elementor-element-dbac863 e-con-full e-flex e-con e-parent\" data-id=\"dbac863\" data-element_type=\"container\" data-e-type=\"container\" data-settings=\"{&quot;background_background&quot;:&quot;classic&quot;}\">\n\t\t\t\t<div class=\"elementor-element elementor-element-7bb7624 elementor-grid-2 elementor-grid-tablet-2 elementor-grid-mobile-1 elementor-widget elementor-widget-portfolio\" data-id=\"7bb7624\" data-element_type=\"widget\" data-e-type=\"widget\" data-settings=\"{&quot;columns&quot;:&quot;2&quot;,&quot;row_gap&quot;:{&quot;unit&quot;:&quot;px&quot;,&quot;size&quot;:0,&quot;sizes&quot;:[]},&quot;columns_tablet&quot;:&quot;2&quot;,&quot;columns_mobile&quot;:&quot;1&quot;,&quot;item_ratio&quot;:{&quot;unit&quot;:&quot;px&quot;,&quot;size&quot;:0.66,&quot;sizes&quot;:[]},&quot;item_gap&quot;:{&quot;unit&quot;:&quot;px&quot;,&quot;size&quot;:&quot;&quot;,&quot;sizes&quot;:[]}}\" data-widget_type=\"portfolio.default\">\n\t\t\t\t<div class=\"elementor-widget-container\">\n\t\t\t\t\t\t\t<div class=\"elementor-portfolio elementor-grid elementor-posts-container\" role=\"list\">\n\t\t\t\t<article class=\"elementor-portfolio-item elementor-post  post-246 page type-page status-publish has-post-thumbnail hentry\" role=\"listitem\">\n\t\t\t<a class=\"elementor-post__thumbnail__link\" href=\"https:\/\/holosbrasilcompositos.com\/index.php\/portfolio\/\">\n\t\t\t\t<div class=\"elementor-portfolio-item__img elementor-post__thumbnail\">\n\t\t\t<img fetchpriority=\"high\" decoding=\"async\" width=\"1200\" height=\"795\" src=\"https:\/\/i0.wp.com\/holosbrasilcompositos.com\/wp-content\/uploads\/2023\/11\/maglev-cobra_2016-05-100055.jpg?fit=1200%2C795&amp;ssl=1\" class=\"attachment-full size-full wp-image-383\" alt=\"\" srcset=\"https:\/\/i0.wp.com\/holosbrasilcompositos.com\/wp-content\/uploads\/2023\/11\/maglev-cobra_2016-05-100055.jpg?w=1200&amp;ssl=1 1200w, https:\/\/i0.wp.com\/holosbrasilcompositos.com\/wp-content\/uploads\/2023\/11\/maglev-cobra_2016-05-100055.jpg?resize=300%2C199&amp;ssl=1 300w, https:\/\/i0.wp.com\/holosbrasilcompositos.com\/wp-content\/uploads\/2023\/11\/maglev-cobra_2016-05-100055.jpg?resize=1024%2C678&amp;ssl=1 1024w, https:\/\/i0.wp.com\/holosbrasilcompositos.com\/wp-content\/uploads\/2023\/11\/maglev-cobra_2016-05-100055.jpg?resize=768%2C509&amp;ssl=1 768w\" sizes=\"(max-width: 800px) 100vw, 800px\" \/>\t\t<\/div>\n\t\t\t\t<div class=\"elementor-portfolio-item__overlay\">\n\t\t\t\t<h3 class=\"elementor-portfolio-item__title\">\n\t\tPortf\u00f3lio\t\t<\/h3>\n\t\t\t\t<\/div>\n\t\t\t\t<\/a>\n\t\t<\/article>\n\t\t\t\t<article class=\"elementor-portfolio-item elementor-post  post-166 page type-page status-publish has-post-thumbnail hentry\" role=\"listitem\">\n\t\t\t<a class=\"elementor-post__thumbnail__link\" href=\"https:\/\/holosbrasilcompositos.com\/index.php\/ferramentas-modernas-e-mao-de-obra-experiente\/\">\n\t\t\t\t<div class=\"elementor-portfolio-item__img elementor-post__thumbnail\">\n\t\t\t<img decoding=\"async\" width=\"1200\" height=\"675\" src=\"https:\/\/i0.wp.com\/holosbrasilcompositos.com\/wp-content\/uploads\/2023\/11\/frp-application-1.png?fit=1200%2C675&amp;ssl=1\" class=\"attachment-full size-full wp-image-382\" alt=\"\" srcset=\"https:\/\/i0.wp.com\/holosbrasilcompositos.com\/wp-content\/uploads\/2023\/11\/frp-application-1.png?w=1200&amp;ssl=1 1200w, https:\/\/i0.wp.com\/holosbrasilcompositos.com\/wp-content\/uploads\/2023\/11\/frp-application-1.png?resize=300%2C169&amp;ssl=1 300w, https:\/\/i0.wp.com\/holosbrasilcompositos.com\/wp-content\/uploads\/2023\/11\/frp-application-1.png?resize=1024%2C576&amp;ssl=1 1024w, https:\/\/i0.wp.com\/holosbrasilcompositos.com\/wp-content\/uploads\/2023\/11\/frp-application-1.png?resize=768%2C432&amp;ssl=1 768w\" sizes=\"(max-width: 800px) 100vw, 800px\" \/>\t\t<\/div>\n\t\t\t\t<div class=\"elementor-portfolio-item__overlay\">\n\t\t\t\t<h3 class=\"elementor-portfolio-item__title\">\n\t\tServi\u00e7os\t\t<\/h3>\n\t\t\t\t<\/div>\n\t\t\t\t<\/a>\n\t\t<\/article>\n\t\t\t\t<article class=\"elementor-portfolio-item elementor-post  post-148 page type-page status-publish has-post-thumbnail hentry\" role=\"listitem\">\n\t\t\t<a class=\"elementor-post__thumbnail__link\" href=\"https:\/\/holosbrasilcompositos.com\/index.php\/projetos-executados-por-profissionais-experientes\/\">\n\t\t\t\t<div class=\"elementor-portfolio-item__img elementor-post__thumbnail\">\n\t\t\t<img decoding=\"async\" width=\"2560\" height=\"1696\" src=\"https:\/\/i0.wp.com\/holosbrasilcompositos.com\/wp-content\/uploads\/2023\/11\/pexels-creapattern-596815-scaled.jpg?fit=2560%2C1696&amp;ssl=1\" class=\"attachment-full size-full wp-image-388\" alt=\"\" srcset=\"https:\/\/i0.wp.com\/holosbrasilcompositos.com\/wp-content\/uploads\/2023\/11\/pexels-creapattern-596815-scaled.jpg?w=2560&amp;ssl=1 2560w, https:\/\/i0.wp.com\/holosbrasilcompositos.com\/wp-content\/uploads\/2023\/11\/pexels-creapattern-596815-scaled.jpg?resize=300%2C199&amp;ssl=1 300w, https:\/\/i0.wp.com\/holosbrasilcompositos.com\/wp-content\/uploads\/2023\/11\/pexels-creapattern-596815-scaled.jpg?resize=1024%2C678&amp;ssl=1 1024w, https:\/\/i0.wp.com\/holosbrasilcompositos.com\/wp-content\/uploads\/2023\/11\/pexels-creapattern-596815-scaled.jpg?resize=768%2C509&amp;ssl=1 768w, https:\/\/i0.wp.com\/holosbrasilcompositos.com\/wp-content\/uploads\/2023\/11\/pexels-creapattern-596815-scaled.jpg?resize=1536%2C1017&amp;ssl=1 1536w, https:\/\/i0.wp.com\/holosbrasilcompositos.com\/wp-content\/uploads\/2023\/11\/pexels-creapattern-596815-scaled.jpg?resize=2048%2C1356&amp;ssl=1 2048w, https:\/\/i0.wp.com\/holosbrasilcompositos.com\/wp-content\/uploads\/2023\/11\/pexels-creapattern-596815-scaled.jpg?w=1600 1600w, https:\/\/i0.wp.com\/holosbrasilcompositos.com\/wp-content\/uploads\/2023\/11\/pexels-creapattern-596815-scaled.jpg?w=2400 2400w\" sizes=\"(max-width: 800px) 100vw, 800px\" \/>\t\t<\/div>\n\t\t\t\t<div class=\"elementor-portfolio-item__overlay\">\n\t\t\t\t<h3 class=\"elementor-portfolio-item__title\">\n\t\tFabrica\u00e7\u00e3o\t\t<\/h3>\n\t\t\t\t<\/div>\n\t\t\t\t<\/a>\n\t\t<\/article>\n\t\t\t\t<article class=\"elementor-portfolio-item elementor-post  post-120 page type-page status-publish has-post-thumbnail hentry\" role=\"listitem\">\n\t\t\t<a class=\"elementor-post__thumbnail__link\" href=\"https:\/\/holosbrasilcompositos.com\/index.php\/projetos-executados-por-profissionais-experientes\/design-e-projetos-especiais\/\">\n\t\t\t\t<div class=\"elementor-portfolio-item__img elementor-post__thumbnail\">\n\t\t\t<img loading=\"lazy\" decoding=\"async\" width=\"1703\" height=\"2560\" src=\"https:\/\/i0.wp.com\/holosbrasilcompositos.com\/wp-content\/uploads\/2023\/11\/pexels-brett-sayles-3653997-scaled.jpg?fit=1703%2C2560&amp;ssl=1\" class=\"attachment-full size-full wp-image-384\" alt=\"\" srcset=\"https:\/\/i0.wp.com\/holosbrasilcompositos.com\/wp-content\/uploads\/2023\/11\/pexels-brett-sayles-3653997-scaled.jpg?w=1703&amp;ssl=1 1703w, https:\/\/i0.wp.com\/holosbrasilcompositos.com\/wp-content\/uploads\/2023\/11\/pexels-brett-sayles-3653997-scaled.jpg?resize=200%2C300&amp;ssl=1 200w, https:\/\/i0.wp.com\/holosbrasilcompositos.com\/wp-content\/uploads\/2023\/11\/pexels-brett-sayles-3653997-scaled.jpg?resize=681%2C1024&amp;ssl=1 681w, https:\/\/i0.wp.com\/holosbrasilcompositos.com\/wp-content\/uploads\/2023\/11\/pexels-brett-sayles-3653997-scaled.jpg?resize=768%2C1154&amp;ssl=1 768w, https:\/\/i0.wp.com\/holosbrasilcompositos.com\/wp-content\/uploads\/2023\/11\/pexels-brett-sayles-3653997-scaled.jpg?resize=1022%2C1536&amp;ssl=1 1022w, https:\/\/i0.wp.com\/holosbrasilcompositos.com\/wp-content\/uploads\/2023\/11\/pexels-brett-sayles-3653997-scaled.jpg?resize=1363%2C2048&amp;ssl=1 1363w, https:\/\/i0.wp.com\/holosbrasilcompositos.com\/wp-content\/uploads\/2023\/11\/pexels-brett-sayles-3653997-scaled.jpg?w=1600 1600w\" sizes=\"(max-width: 800px) 100vw, 800px\" \/>\t\t<\/div>\n\t\t\t\t<div class=\"elementor-portfolio-item__overlay\">\n\t\t\t\t<h3 class=\"elementor-portfolio-item__title\">\n\t\tDesign\t\t<\/h3>\n\t\t\t\t<\/div>\n\t\t\t\t<\/a>\n\t\t<\/article>\n\t\t\t\t<\/div>\n\t\t\t\t\t\t<\/div>\n\t\t\t\t<\/div>\n\t\t\t\t<\/div>\n\t\t<div class=\"elementor-element elementor-element-1b26a54 e-flex e-con-boxed e-con e-parent\" data-id=\"1b26a54\" data-element_type=\"container\" data-e-type=\"container\">\n\t\t\t\t\t<div class=\"e-con-inner\">\n\t\t\t\t<div class=\"elementor-element elementor-element-3648cdb elementor-widget elementor-widget-heading\" data-id=\"3648cdb\" data-element_type=\"widget\" data-e-type=\"widget\" data-widget_type=\"heading.default\">\n\t\t\t\t<div class=\"elementor-widget-container\">\n\t\t\t\t\t<h2 class=\"elementor-heading-title elementor-size-default\">Seu projeto em comp\u00f3sito<\/h2>\t\t\t\t<\/div>\n\t\t\t\t<\/div>\n\t\t\t\t<div class=\"elementor-element elementor-element-e87e5f5 elementor-widget elementor-widget-text-editor\" data-id=\"e87e5f5\" data-element_type=\"widget\" data-e-type=\"widget\" data-widget_type=\"text-editor.default\">\n\t\t\t\t<div class=\"elementor-widget-container\">\n\t\t\t\t\t\t\t\t\t<p>Fale conosco para fazer parte dessa fam\u00edlia!<\/p>\t\t\t\t\t\t\t\t<\/div>\n\t\t\t\t<\/div>\n\t\t\t\t<div class=\"elementor-element elementor-element-d29c6c1 elementor-align-center elementor-widget elementor-widget-button\" data-id=\"d29c6c1\" data-element_type=\"widget\" data-e-type=\"widget\" data-widget_type=\"button.default\">\n\t\t\t\t<div class=\"elementor-widget-container\">\n\t\t\t\t\t\t\t\t\t<div class=\"elementor-button-wrapper\">\n\t\t\t\t\t<a class=\"elementor-button elementor-button-link elementor-size-sm\" href=\"https:\/\/holosbrasilcompositos.com\/index.php\/contato\/\" target=\"_blank\">\n\t\t\t\t\t\t<span class=\"elementor-button-content-wrapper\">\n\t\t\t\t\t\t\t\t\t<span class=\"elementor-button-text\">Entre em contato<\/span>\n\t\t\t\t\t<\/span>\n\t\t\t\t\t<\/a>\n\t\t\t\t<\/div>\n\t\t\t\t\t\t\t\t<\/div>\n\t\t\t\t<\/div>\n\t\t\t\t\t<\/div>\n\t\t\t\t<\/div>\n\t\t\t\t<\/div>\n\t\t","protected":false},"excerpt":{"rendered":"<p>Sobre n\u00f3s Entregamos Tecnologia&nbsp;de&nbsp;qualidade Engenharia&nbsp;especializada Servi\u00e7os&nbsp;de&nbsp;primeira A Holos Comp\u00f3sitos \u00e9 a vertente que atende ao desenvolvimento de projetos com materiais em comp\u00f3sitos. Nossos servi\u00e7os se baseiam na cria\u00e7\u00e3o de projetos personalizados de acordo com a demanda de cada cliente, visando os princ\u00edpios da qualidade dos materiais, efici\u00eancia e seguran\u00e7a. Conhe\u00e7a nosso portf\u00f3lio para saber mais [&hellip;]<\/p>\n","protected":false},"author":1,"featured_media":0,"parent":0,"menu_order":0,"comment_status":"closed","ping_status":"closed","template":"elementor_header_footer","meta":{"jetpack_post_was_ever_published":false,"footnotes":""},"class_list":["post-28","page","type-page","status-publish","hentry"],"aioseo_notices":[],"jetpack-related-posts":[],"jetpack_sharing_enabled":true,"_links":{"self":[{"href":"https:\/\/holosbrasilcompositos.com\/index.php\/wp-json\/wp\/v2\/pages\/28","targetHints":{"allow":["GET"]}}],"collection":[{"href":"https:\/\/holosbrasilcompositos.com\/index.php\/wp-json\/wp\/v2\/pages"}],"about":[{"href":"https:\/\/holosbrasilcompositos.com\/index.php\/wp-json\/wp\/v2\/types\/page"}],"author":[{"embeddable":true,"href":"https:\/\/holosbrasilcompositos.com\/index.php\/wp-json\/wp\/v2\/users\/1"}],"replies":[{"embeddable":true,"href":"https:\/\/holosbrasilcompositos.com\/index.php\/wp-json\/wp\/v2\/comments?post=28"}],"version-history":[{"count":185,"href":"https:\/\/holosbrasilcompositos.com\/index.php\/wp-json\/wp\/v2\/pages\/28\/revisions"}],"predecessor-version":[{"id":544,"href":"https:\/\/holosbrasilcompositos.com\/index.php\/wp-json\/wp\/v2\/pages\/28\/revisions\/544"}],"wp:attachment":[{"href":"https:\/\/holosbrasilcompositos.com\/index.php\/wp-json\/wp\/v2\/media?parent=28"}],"curies":[{"name":"wp","href":"https:\/\/api.w.org\/{rel}","templated":true}]}}